{"id":102,"date":"2022-10-18T16:03:53","date_gmt":"2022-10-18T19:03:53","guid":{"rendered":"https:\/\/grupoespiritacairbarschutel.wordpress.com\/?page_id=102"},"modified":"2023-10-09T15:32:52","modified_gmt":"2023-10-09T18:32:52","slug":"mensagens-de-jorge-bichuetti","status":"publish","type":"page","link":"https:\/\/grespiritacairbarschutel.com.br\/?page_id=102","title":{"rendered":"Mensagens de Jorge Bichuetti &#038; Outros"},"content":{"rendered":"\n<div class=\"wp-block-group alignfull\" style=\"padding-top:120px;padding-right:0px;padding-bottom:120px;padding-left:0px\">\n<p style=\"margin-top:8px\"><\/p>\n\n\n\n<div class=\"wp-block-group\"><ul class=\"wp-block-latest-posts__list is-grid columns-4 wp-block-latest-posts\"><li><a href=\"https:\/\/grespiritacairbarschutel.com.br\/?p=510\">Deus n\u00e3o abandona nenhuma de suas criaturas<\/a><div class=\"wp-block-latest-posts__post-excerpt\">Evangelho Segundo o Espiritismo CAP III&#8220;Deus n\u00e3o abandona nenhuma de suas criaturas; no fundo das trevas a intelig\u00eancia jaz, latente, a vaga intui\u00e7\u00e3o mais ou menos desenvolvida de um ser supremo.&#8221; Quando as possibilidades do mundo<a class=\"more-link\" href=\"https:\/\/grespiritacairbarschutel.com.br\/?p=510\">Continuar lendo <span class=\"screen-reader-text\">&#8220;Deus n\u00e3o abandona nenhuma de suas criaturas&#8221;<\/span><\/a><\/div><\/li>\n<li><a href=\"https:\/\/grespiritacairbarschutel.com.br\/?p=508\">A Li\u00e7\u00e3o<\/a><div class=\"wp-block-latest-posts__post-excerpt\">Evangelho Segundo o Espiritismo CAP X&#8220;Espiritismo, doutrina consoladora e bendita! Felizes os que te conhecem e aproveitam os salutares ensinamentos dos esp\u00edritos do Senhor! Para estes, o caminho est\u00e1 iluminado e ao longo de todo trecho<a class=\"more-link\" href=\"https:\/\/grespiritacairbarschutel.com.br\/?p=508\">Continuar lendo <span class=\"screen-reader-text\">&#8220;A Li\u00e7\u00e3o&#8221;<\/span><\/a><\/div><\/li>\n<li><a href=\"https:\/\/grespiritacairbarschutel.com.br\/?p=506\">Inf\u00e2ncia<\/a><div class=\"wp-block-latest-posts__post-excerpt\">Do Evangelho Segundo o Espiritismo CAP VIII&#8220;Durante os primeiros anos o Esp\u00edrito \u00e9 verdadeiramente uma crian\u00e7a, porque as ideias que fundamentam o seu car\u00e1ter ainda est\u00e3o adormecidas. Durante o tempo em que seus instintos dormem, ele<a class=\"more-link\" href=\"https:\/\/grespiritacairbarschutel.com.br\/?p=506\">Continuar lendo <span class=\"screen-reader-text\">&#8220;Inf\u00e2ncia&#8221;<\/span><\/a><\/div><\/li>\n<li><a href=\"https:\/\/grespiritacairbarschutel.com.br\/?p=504\">Ora\u00e7\u00e3o<\/a><div class=\"wp-block-latest-posts__post-excerpt\">O Evangelho Segundo o Espiritismo: Cap\u00edtulo XXVIII &#8211; I &#8211; 2 &#8220;Os esp\u00edritos recomendaram que se colocasse a Ora\u00e7\u00e3o Dominical no in\u00edcio desta colet\u00e2nea, n\u00e3o apenas como prece, mas como s\u00edmbolo.Entre todas as preces, esta \u00e9<a class=\"more-link\" href=\"https:\/\/grespiritacairbarschutel.com.br\/?p=504\">Continuar lendo <span class=\"screen-reader-text\">&#8220;Ora\u00e7\u00e3o&#8221;<\/span><\/a><\/div><\/li>\n<li><a href=\"https:\/\/grespiritacairbarschutel.com.br\/?p=502\">Andarilho<\/a><div class=\"wp-block-latest-posts__post-excerpt\">Sou andarilho nessemundo de Deus.Na minha mochila, hoje, ao inv\u00e9s de tralhas, procuro carregar apenas coisas boas que podem clarear a minha mente e aquecer meu cora\u00e7\u00e3o.Como andarilho encarnado vivi uma vida dura. N\u00e3o consegui enxergar<a class=\"more-link\" href=\"https:\/\/grespiritacairbarschutel.com.br\/?p=502\">Continuar lendo <span class=\"screen-reader-text\">&#8220;Andarilho&#8221;<\/span><\/a><\/div><\/li>\n<li><a href=\"https:\/\/grespiritacairbarschutel.com.br\/?p=500\">O homem no mundo<\/a><div class=\"wp-block-latest-posts__post-excerpt\">O mundo nos apresenta uma porta extremamente larga. O dia com suas lutas e contradi\u00e7\u00f5es nos faz enxergar um caminho supostamente mais brando, com lutas f\u00e1ceis de serem vencidas, j\u00e1 que nos faz ignorar o outro<a class=\"more-link\" href=\"https:\/\/grespiritacairbarschutel.com.br\/?p=500\">Continuar lendo <span class=\"screen-reader-text\">&#8220;O homem no mundo&#8221;<\/span><\/a><\/div><\/li>\n<li><a href=\"https:\/\/grespiritacairbarschutel.com.br\/?p=498\">Buscar o amor<\/a><div class=\"wp-block-latest-posts__post-excerpt\">Buscar o amor \u00e9 o sentido da vida.Essa busca frustrante me levou ao suic\u00eddio.N\u00e3o aceitar o que me foi dado por Deus, junto com tanta car\u00eancia me deixou fr\u00e1gil demais.A morte n\u00e3o \u00e9 o fim, saibam.O<a class=\"more-link\" href=\"https:\/\/grespiritacairbarschutel.com.br\/?p=498\">Continuar lendo <span class=\"screen-reader-text\">&#8220;Buscar o amor&#8221;<\/span><\/a><\/div><\/li>\n<li><a href=\"https:\/\/grespiritacairbarschutel.com.br\/?p=495\">Aprendendo a exercer a gratid\u00e3o<\/a><div class=\"wp-block-latest-posts__post-excerpt\">Amigos,Ouvindo o evangelho de hoje, revisito meu eu de outrora.Vejo como fui infeliz justamente por esperar que aqueles com quem convivi demonstrassem agradecimento por tudo que fiz por eles.Como estava iludido!Procurei fazer o que podia e<a class=\"more-link\" href=\"https:\/\/grespiritacairbarschutel.com.br\/?p=495\">Continuar lendo <span class=\"screen-reader-text\">&#8220;Aprendendo a exercer a gratid\u00e3o&#8221;<\/span><\/a><\/div><\/li>\n<li><a href=\"https:\/\/grespiritacairbarschutel.com.br\/?p=493\">ESE cap\u00edtulo XIII &#8220;Que vossa m\u00e3o esquerda n\u00e3o saiba o que faz a direita&#8221;. \u00cdtem 19<\/a><div class=\"wp-block-latest-posts__post-excerpt\">Benef\u00edcios pagos com a ingratid\u00e3o. Fazer o bem, viver o bem, construir o bem significa despir-nos de qualquer expectativa de agradecimento ou gratid\u00e3o eterna.O bem por si s\u00f3 j\u00e1 beneficia aquele que o pratica. O benefici\u00e1rio<a class=\"more-link\" href=\"https:\/\/grespiritacairbarschutel.com.br\/?p=493\">Continuar lendo <span class=\"screen-reader-text\">&#8220;ESE cap\u00edtulo XIII &#8220;Que vossa m\u00e3o esquerda n\u00e3o saiba o que faz a direita&#8221;. \u00cdtem 19&#8243;<\/span><\/a><\/div><\/li>\n<li><a href=\"https:\/\/grespiritacairbarschutel.com.br\/?p=490\">Do Evangelho Segundo o Espiritismo, Cap. V<\/a><div class=\"wp-block-latest-posts__post-excerpt\">[&#8230; mas voc\u00eas esp\u00edritas sabem que a alma vive melhor quando desembara\u00e7ada do seu inv\u00f3lucro corporal.M\u00e3es, saibam que seus filhos bem amados est\u00e3o perto de voc\u00eas;Sim, est\u00e3o muito perto, e seus corpos flu\u00eddicos lhes envolvem, seus<a class=\"more-link\" href=\"https:\/\/grespiritacairbarschutel.com.br\/?p=490\">Continuar lendo <span class=\"screen-reader-text\">&#8220;Do Evangelho Segundo o Espiritismo, Cap. V&#8221;<\/span><\/a><\/div><\/li>\n<li><a href=\"https:\/\/grespiritacairbarschutel.com.br\/?p=487\">Caridade<\/a><div class=\"wp-block-latest-posts__post-excerpt\">Evangelho Segundo o Espiritismo CAP V(Todos est\u00e3o na Terra para expiar; mas todos &#8211; sem exce\u00e7\u00e3o &#8211; devem empregar todos os esfor\u00e7os para amenizar a expia\u00e7\u00e3o dos seus irm\u00e3os, segundo a lei de amor e de<a class=\"more-link\" href=\"https:\/\/grespiritacairbarschutel.com.br\/?p=487\">Continuar lendo <span class=\"screen-reader-text\">&#8220;Caridade&#8221;<\/span><\/a><\/div><\/li>\n<li><a href=\"https:\/\/grespiritacairbarschutel.com.br\/?p=485\">Ano Novo<\/a><div class=\"wp-block-latest-posts__post-excerpt\">Evangelho Segundo o Espiritismo &#8211; CAP XX &#8211; item 2:&#8220;E n\u00e3o esque\u00e7am jamais que a exist\u00eancia de voc\u00eas &#8211; por mais longa que lhes pare\u00e7a n\u00e3o \u00e9 mais que um momento bem fugaz na imensidade dos<a class=\"more-link\" href=\"https:\/\/grespiritacairbarschutel.com.br\/?p=485\">Continuar lendo <span class=\"screen-reader-text\">&#8220;Ano Novo&#8221;<\/span><\/a><\/div><\/li>\n<li><a href=\"https:\/\/grespiritacairbarschutel.com.br\/?p=483\">Amor<\/a><div class=\"wp-block-latest-posts__post-excerpt\">Irm\u00e3os,O amor deve ser vivido e entendido em toda sua extens\u00e3o. O amor \u00e9 sublime. Ao desenvolv\u00ea-lo em nossos cora\u00e7\u00f5es,aprendemos como a vida \u00e9 rica e pr\u00f3diga em b\u00ean\u00e7\u00e3os e ensinamentos.Sem amor nada somos, com o<a class=\"more-link\" href=\"https:\/\/grespiritacairbarschutel.com.br\/?p=483\">Continuar lendo <span class=\"screen-reader-text\">&#8220;Amor&#8221;<\/span><\/a><\/div><\/li>\n<li><a href=\"https:\/\/grespiritacairbarschutel.com.br\/?p=480\">Compromisso<\/a><div class=\"wp-block-latest-posts__post-excerpt\">Irm\u00e3os,Pequenas florzinhas do campo embelezam esse sal\u00e3o, trazendo o perfume do amor que cada um de n\u00f3s, trabalhadores, amigos, pacientes, encarnados ou desencarnados recebemos em nossos cora\u00e7\u00f5es, fortalecendo nossos esp\u00edritos.Meus queridos amigos, a gratid\u00e3o, que grassa<a class=\"more-link\" href=\"https:\/\/grespiritacairbarschutel.com.br\/?p=480\">Continuar lendo <span class=\"screen-reader-text\">&#8220;Compromisso&#8221;<\/span><\/a><\/div><\/li>\n<li><a href=\"https:\/\/grespiritacairbarschutel.com.br\/?p=477\">A par\u00e1bola da semente<\/a><div class=\"wp-block-latest-posts__post-excerpt\">&#8220;A par\u00e1bola da semente representa perfeitamente as diferen\u00e7as que existem na maneira de aproveitarem-se os ensinamentos do Evangelho&#8221; &#8211; Cap. XVII &#8211; ESE. Nesta hora de luz nos chegam li\u00e7\u00f5es amorosas nas singelas palavras simples e<a class=\"more-link\" href=\"https:\/\/grespiritacairbarschutel.com.br\/?p=477\">Continuar lendo <span class=\"screen-reader-text\">&#8220;A par\u00e1bola da semente&#8221;<\/span><\/a><\/div><\/li>\n<li><a href=\"https:\/\/grespiritacairbarschutel.com.br\/?p=475\">Os trabalhadores da \u00faltima hora<\/a><div class=\"wp-block-latest-posts__post-excerpt\">Os \u00faltimos ser\u00e3o os primeiros O cristianismo bem sentido e vivido nos permite receber o sal\u00e1rio que nos \u00e9 devido ao final da nossa jornada.Hoje, nosso esp\u00edrito anseia por novos rumos, visto que o conhecimento agregado<a class=\"more-link\" href=\"https:\/\/grespiritacairbarschutel.com.br\/?p=475\">Continuar lendo <span class=\"screen-reader-text\">&#8220;Os trabalhadores da \u00faltima hora&#8221;<\/span><\/a><\/div><\/li>\n<li><a href=\"https:\/\/grespiritacairbarschutel.com.br\/?p=472\">Sigamos<\/a><div class=\"wp-block-latest-posts__post-excerpt\">Meus filhinhos&#8230;Que noite de b\u00ean\u00e7\u00e3os, nesse encontro de almas, onde buscamos o contato com Deus nas mensagens do evangelho, que nos mostram que Jesus continua conosco, iluminando nossas mentes e acalentando nossos cora\u00e7\u00f5es, rumo \u00e0s estrelas,<a class=\"more-link\" href=\"https:\/\/grespiritacairbarschutel.com.br\/?p=472\">Continuar lendo <span class=\"screen-reader-text\">&#8220;Sigamos&#8221;<\/span><\/a><\/div><\/li>\n<li><a href=\"https:\/\/grespiritacairbarschutel.com.br\/?p=470\">O Pensamento<\/a><div class=\"wp-block-latest-posts__post-excerpt\">Com o pensamento meu irm\u00e3o, podes criar, com a vontade, colocar em a\u00e7\u00e3oenergias espirituais que agem no corpo balsamizando, curando, transformando mol\u00e9culas, nos trazendo bem estar.Esta energia criadora mantida pela vontade do esp\u00edrito, envolve e imanta<a class=\"more-link\" href=\"https:\/\/grespiritacairbarschutel.com.br\/?p=470\">Continuar lendo <span class=\"screen-reader-text\">&#8220;O Pensamento&#8221;<\/span><\/a><\/div><\/li>\n<li><a href=\"https:\/\/grespiritacairbarschutel.com.br\/?p=468\">Hora de acordar<\/a><div class=\"wp-block-latest-posts__post-excerpt\">Dentro de n\u00f3s existe um Universo a ser descoberto, na busca de todos os dias e de todas as horas, um universo interno onde nos locomovemos, \u00e0s vezes t\u00edmidos, de outras vezes de forma corajosa.H\u00e1 tanto<a class=\"more-link\" href=\"https:\/\/grespiritacairbarschutel.com.br\/?p=468\">Continuar lendo <span class=\"screen-reader-text\">&#8220;Hora de acordar&#8221;<\/span><\/a><\/div><\/li>\n<li><a href=\"https:\/\/grespiritacairbarschutel.com.br\/?p=466\">Esperan\u00e7a<\/a><div class=\"wp-block-latest-posts__post-excerpt\">Meus irm\u00e3os&#8230;Vamos falar de esperan\u00e7a, em dias melhores, em horas de alegria.Se conhecermos o caminho, que \u00e9 o Evangelho, fica mais f\u00e1cil: rota segura, temos um guia, n\u00e3o podemos ignorar.\u00c0s vezes n\u00e3o conseguimos ver por n\u00e3o<a class=\"more-link\" href=\"https:\/\/grespiritacairbarschutel.com.br\/?p=466\">Continuar lendo <span class=\"screen-reader-text\">&#8220;Esperan\u00e7a&#8221;<\/span><\/a><\/div><\/li>\n<li><a href=\"https:\/\/grespiritacairbarschutel.com.br\/?p=464\">As Palavras<\/a><div class=\"wp-block-latest-posts__post-excerpt\">As palavras nos alcan\u00e7am como abra\u00e7os afetuosos que nos envolvem na prote\u00e7\u00e3o do bem que nos dizem.Ou\u00e7amos e guardemos.O ritmo se estabelece no cora\u00e7\u00e3o, para criarmos na mente um lugar onde emana\u00e7\u00f5es de boa vontade s\u00e3o<a class=\"more-link\" href=\"https:\/\/grespiritacairbarschutel.com.br\/?p=464\">Continuar lendo <span class=\"screen-reader-text\">&#8220;As Palavras&#8221;<\/span><\/a><\/div><\/li>\n<li><a href=\"https:\/\/grespiritacairbarschutel.com.br\/?p=428\">Amor<\/a><div class=\"wp-block-latest-posts__post-excerpt\">Neste momento de aferi\u00e7\u00e3o, olhe meu irm\u00e3o, tudo comparece como confus\u00e3o.Na noite, a escurid\u00e3o; passam-se as horas e queiramos ou n\u00e3o o dia raiar\u00e1.No alvorecer de uma nova era o irm\u00e3o n\u00e3o me parecer\u00e1 distante do<a class=\"more-link\" href=\"https:\/\/grespiritacairbarschutel.com.br\/?p=428\">Continuar lendo <span class=\"screen-reader-text\">&#8220;Amor&#8221;<\/span><\/a><\/div><\/li>\n<li><a href=\"https:\/\/grespiritacairbarschutel.com.br\/?p=426\">O convite<\/a><div class=\"wp-block-latest-posts__post-excerpt\">Irm\u00e3os, o convite da noite nos chama ao trabalho da regenera\u00e7\u00e3o, que acorda muitos que ainda dormem o sono gostoso da mat\u00e9ria.Cada um, ao chamado, responde \u00e0 sua maneira; alegra-se, p\u00f5e a m\u00e3o no arado, prepara<a class=\"more-link\" href=\"https:\/\/grespiritacairbarschutel.com.br\/?p=426\">Continuar lendo <span class=\"screen-reader-text\">&#8220;O convite&#8221;<\/span><\/a><\/div><\/li>\n<li><a href=\"https:\/\/grespiritacairbarschutel.com.br\/?p=424\">NASCER E MORRER<\/a><div class=\"wp-block-latest-posts__post-excerpt\">Nascer para melhorar, aproveitar a oportunidade. Ber\u00e7o na Terra, come\u00e7o aben\u00e7oado.Louvemos a estadia.Neste momento, nas estradas do mundo, somos convidados a aprender. Oportunidade.Do ber\u00e7o ao t\u00famulo, existe o momento chamado vida,estradas afora,caminhos ofertados\u2026Quantas oportunidades na Terra.Lembremos<a class=\"more-link\" href=\"https:\/\/grespiritacairbarschutel.com.br\/?p=424\">Continuar lendo <span class=\"screen-reader-text\">&#8220;NASCER E MORRER&#8221;<\/span><\/a><\/div><\/li>\n<li><a href=\"https:\/\/grespiritacairbarschutel.com.br\/?p=422\">Vibra\u00e7\u00e3o<\/a><div class=\"wp-block-latest-posts__post-excerpt\">Vibra\u00e7\u00e3o Tudo \u00e9 vibrac\u00e3o.Olha o que ela faz com as pedras: aproximam-naspara a forma\u00e7\u00e3o das montanhas, vibra na natureza, elevando e melhorando sentimentos.Meu irm\u00e3o, vibrar para alcan\u00e7ar o que se deseja. Toda vontade eleva em quantidade<a class=\"more-link\" href=\"https:\/\/grespiritacairbarschutel.com.br\/?p=422\">Continuar lendo <span class=\"screen-reader-text\">&#8220;Vibra\u00e7\u00e3o&#8221;<\/span><\/a><\/div><\/li>\n<li><a href=\"https:\/\/grespiritacairbarschutel.com.br\/?p=420\">Fraternidade<\/a><div class=\"wp-block-latest-posts__post-excerpt\">O Mundo nos pede fraternidade,sermos irm\u00e3os,solidariedade entre os dois mundos, reconhecer o outro ser humano, na caminhada acelerada. Precisamos nos sentir entrela\u00e7ados,m\u00e3os dadas, humanos,filhos de Deus; precisamos ser irm\u00e3os para conseguirmos seguir adiante nesta caminhada evolutiva.A<a class=\"more-link\" href=\"https:\/\/grespiritacairbarschutel.com.br\/?p=420\">Continuar lendo <span class=\"screen-reader-text\">&#8220;Fraternidade&#8221;<\/span><\/a><\/div><\/li>\n<li><a href=\"https:\/\/grespiritacairbarschutel.com.br\/?p=418\">NO TEMPO DE DEUS<\/a><div class=\"wp-block-latest-posts__post-excerpt\">Irm\u00e3os, na Terra, o tempo, o senhor crono, nos direciona a entrada e a porta de sa\u00edda do mundo.H\u00e1 um tempo para tudo; da semente \u00e0 flor flui o tempo de crescimento.O tempo flui para a<a class=\"more-link\" href=\"https:\/\/grespiritacairbarschutel.com.br\/?p=418\">Continuar lendo <span class=\"screen-reader-text\">&#8220;NO TEMPO DE DEUS&#8221;<\/span><\/a><\/div><\/li>\n<li><a href=\"https:\/\/grespiritacairbarschutel.com.br\/?p=416\">Do cora\u00e7\u00e3o<\/a><div class=\"wp-block-latest-posts__post-excerpt\">Do cora\u00e7\u00e3o partem as boas a\u00e7\u00f5es; as a\u00e7\u00f5es constroem pensamentos; os pensamentos alimentam as boas a\u00e7\u00f5es.Do cora\u00e7\u00e3o partem as palavras que nos dizem quem somos.Somos bons para os bons; e o que diz o meu cora\u00e7\u00e3o<a class=\"more-link\" href=\"https:\/\/grespiritacairbarschutel.com.br\/?p=416\">Continuar lendo <span class=\"screen-reader-text\">&#8220;Do cora\u00e7\u00e3o&#8221;<\/span><\/a><\/div><\/li>\n<\/ul><\/div>\n\n\n\n<div class=\"wp-block-query\">\n<div style=\"height:1px\" aria-hidden=\"true\" class=\"wp-block-spacer\"><\/div>\n\n\n\n\n\n\n\n\n\n\n\n\n<p>Ainda sem posts.<\/p>\n\n<\/div>\n<\/div>\n","protected":false},"excerpt":{"rendered":"","protected":false},"author":1,"featured_media":0,"parent":0,"menu_order":0,"comment_status":"closed","ping_status":"closed","template":"","meta":[],"_links":{"self":[{"href":"https:\/\/grespiritacairbarschutel.com.br\/index.php?rest_route=\/wp\/v2\/pages\/102"}],"collection":[{"href":"https:\/\/grespiritacairbarschutel.com.br\/index.php?rest_route=\/wp\/v2\/pages"}],"about":[{"href":"https:\/\/grespiritacairbarschutel.com.br\/index.php?rest_route=\/wp\/v2\/types\/page"}],"author":[{"embeddable":true,"href":"https:\/\/grespiritacairbarschutel.com.br\/index.php?rest_route=\/wp\/v2\/users\/1"}],"replies":[{"embeddable":true,"href":"https:\/\/grespiritacairbarschutel.com.br\/index.php?rest_route=%2Fwp%2Fv2%2Fcomments&post=102"}],"version-history":[{"count":3,"href":"https:\/\/grespiritacairbarschutel.com.br\/index.php?rest_route=\/wp\/v2\/pages\/102\/revisions"}],"predecessor-version":[{"id":320,"href":"https:\/\/grespiritacairbarschutel.com.br\/index.php?rest_route=\/wp\/v2\/pages\/102\/revisions\/320"}],"wp:attachment":[{"href":"https:\/\/grespiritacairbarschutel.com.br\/index.php?rest_route=%2Fwp%2Fv2%2Fmedia&parent=102"}],"curies":[{"name":"wp","href":"https:\/\/api.w.org\/{rel}","templated":true}]}}