{"id":19,"date":"2022-08-03T16:48:12","date_gmt":"2022-08-03T19:48:12","guid":{"rendered":"https:\/\/grupoespiritacairbarschutel.wordpress.com\/sobre\/"},"modified":"2024-08-14T07:19:38","modified_gmt":"2024-08-14T10:19:38","slug":"sobre","status":"publish","type":"page","link":"https:\/\/grespiritacairbarschutel.com.br\/?page_id=19","title":{"rendered":"Editora Esp\u00edrita Paulo Estev\u00e3o"},"content":{"rendered":"\n<p>A Editora Esp\u00edrita Paulo Estev\u00e3o tem os seguintes t\u00edtulos:<\/p>\n\n\n\n<figure class=\"wp-block-table\"><table><tbody><tr><td><strong>T\u00edtulo<\/strong><\/td><td><strong>Autor<\/strong><\/td><td><strong>M\u00e9dium<\/strong><\/td><td><strong>G\u00eanero<\/strong><\/td><td><strong>Observa\u00e7\u00f5es<\/strong><\/td><\/tr><tr><td>Um Cisco De Deus na Poeira do Mundo, 1997<\/td><td>Esp\u00edrito Jer\u00f4nimo Mendon\u00e7a<\/td><td>Jorge Bichuetti<\/td><td>doutrin\u00e1rio<\/td><td>2a. edi\u00e7\u00e3o<\/td><\/tr><tr><td>Centelha Divina 1996<\/td><td>Esp\u00edrito Henrique Kruger<\/td><td>Jorge Bichuetti<\/td><td>doutrin\u00e1rio<\/td><td>2\u00aa.edi\u00e7\u00e3o<\/td><\/tr><tr><td>Amargos Reencontros 1997<\/td><td>Esp\u00edrito Frederido Francisco<\/td><td>Eliane S.de O.Ferreira (desencarna\u00e7\u00e3o: 5 \/12\/1998)<\/td><td>Romance<\/td><td>4\u00aa.edi\u00e7\u00e3o Esgotada<\/td><\/tr><tr><td>Maria Clara 1999<\/td><td>Esp\u00edrito Frederico Francisco<\/td><td>Eliane S.de O.Ferreira<\/td><td>Romance<\/td><td>1\u00aa.edi\u00e7\u00e3o Esgotada<\/td><\/tr><tr><td>Embalos Mensagens aos jovens 2001<\/td><td>Esp\u00edritos: Gildo,Paulinho e Vanone<\/td><td>Jorge Bichuetti<\/td><td>doutrin\u00e1rio<\/td><td>1\u00aa.edi\u00e7\u00e3o<\/td><\/tr><tr><td>Semeadores da Verdade<\/td><td>Esp\u00edritos diversos<\/td><td>M\u00e9dium Alaor Borges<\/td><td>Doutrin\u00e1rio<\/td><td>1\u00aa. edi\u00e7\u00e3o <a><\/a> 1998<\/td><\/tr><\/tbody><\/table><\/figure>\n\n\n\n<hr class=\"wp-block-separator has-css-opacity is-style-wide\"\/>\n\n\n\n<figure class=\"wp-block-video\"><video controls src=\"https:\/\/grespiritacairbarschutel.com.br\/wp-content\/uploads\/2024\/04\/VIDEO-2024-04-15-15-05-50.mp4\"><\/video><\/figure>\n","protected":false},"excerpt":{"rendered":"<p>A Editora Esp\u00edrita Paulo Estev\u00e3o tem os seguintes t\u00edtulos: T\u00edtulo Autor M\u00e9dium G\u00eanero Observa\u00e7\u00f5es Um Cisco De Deus na Poeira do Mundo, 1997 Esp\u00edrito Jer\u00f4nimo Mendon\u00e7a Jorge Bichuetti doutrin\u00e1rio 2a. edi\u00e7\u00e3o Centelha Divina 1996 Esp\u00edrito Henrique Kruger Jorge Bichuetti doutrin\u00e1rio 2\u00aa.edi\u00e7\u00e3o Amargos Reencontros 1997 Esp\u00edrito Frederido Francisco Eliane S.de O.Ferreira (desencarna\u00e7\u00e3o: 5 \/12\/1998) Romance 4\u00aa.edi\u00e7\u00e3o<a class=\"more-link\" href=\"https:\/\/grespiritacairbarschutel.com.br\/?page_id=19\">Continuar lendo <span class=\"screen-reader-text\">&#8220;Editora Esp\u00edrita Paulo Estev\u00e3o&#8221;<\/span><\/a><\/p>\n","protected":false},"author":1,"featured_media":0,"parent":0,"menu_order":1,"comment_status":"closed","ping_status":"closed","template":"","meta":[],"_links":{"self":[{"href":"https:\/\/grespiritacairbarschutel.com.br\/index.php?rest_route=\/wp\/v2\/pages\/19"}],"collection":[{"href":"https:\/\/grespiritacairbarschutel.com.br\/index.php?rest_route=\/wp\/v2\/pages"}],"about":[{"href":"https:\/\/grespiritacairbarschutel.com.br\/index.php?rest_route=\/wp\/v2\/types\/page"}],"author":[{"embeddable":true,"href":"https:\/\/grespiritacairbarschutel.com.br\/index.php?rest_route=\/wp\/v2\/users\/1"}],"replies":[{"embeddable":true,"href":"https:\/\/grespiritacairbarschutel.com.br\/index.php?rest_route=%2Fwp%2Fv2%2Fcomments&post=19"}],"version-history":[{"count":5,"href":"https:\/\/grespiritacairbarschutel.com.br\/index.php?rest_route=\/wp\/v2\/pages\/19\/revisions"}],"predecessor-version":[{"id":335,"href":"https:\/\/grespiritacairbarschutel.com.br\/index.php?rest_route=\/wp\/v2\/pages\/19\/revisions\/335"}],"wp:attachment":[{"href":"https:\/\/grespiritacairbarschutel.com.br\/index.php?rest_route=%2Fwp%2Fv2%2Fmedia&parent=19"}],"curies":[{"name":"wp","href":"https:\/\/api.w.org\/{rel}","templated":true}]}}