{"id":279,"date":"2023-04-18T15:27:09","date_gmt":"2023-04-18T18:27:09","guid":{"rendered":"https:\/\/grespiritacairbarschutel.com.br\/?page_id=279"},"modified":"2024-08-20T07:08:47","modified_gmt":"2024-08-20T10:08:47","slug":"livraria","status":"publish","type":"page","link":"https:\/\/grespiritacairbarschutel.com.br\/?page_id=279","title":{"rendered":"Livraria"},"content":{"rendered":"\n<figure class=\"wp-block-gallery columns-2 is-cropped\"><ul class=\"blocks-gallery-grid\"><li class=\"blocks-gallery-item\"><figure><img loading=\"lazy\" width=\"576\" height=\"1024\" src=\"https:\/\/grespiritacairbarschutel.com.br\/wp-content\/uploads\/2024\/08\/WhatsApp-Image-2024-08-12-at-09.13.33-576x1024.jpeg\" alt=\"\" data-id=\"353\" data-full-url=\"https:\/\/grespiritacairbarschutel.com.br\/wp-content\/uploads\/2024\/08\/WhatsApp-Image-2024-08-12-at-09.13.33.jpeg\" data-link=\"https:\/\/grespiritacairbarschutel.com.br\/?attachment_id=353\" class=\"wp-image-353\" srcset=\"https:\/\/grespiritacairbarschutel.com.br\/wp-content\/uploads\/2024\/08\/WhatsApp-Image-2024-08-12-at-09.13.33-576x1024.jpeg 576w, https:\/\/grespiritacairbarschutel.com.br\/wp-content\/uploads\/2024\/08\/WhatsApp-Image-2024-08-12-at-09.13.33-169x300.jpeg 169w, https:\/\/grespiritacairbarschutel.com.br\/wp-content\/uploads\/2024\/08\/WhatsApp-Image-2024-08-12-at-09.13.33-768x1365.jpeg 768w, https:\/\/grespiritacairbarschutel.com.br\/wp-content\/uploads\/2024\/08\/WhatsApp-Image-2024-08-12-at-09.13.33-864x1536.jpeg 864w, https:\/\/grespiritacairbarschutel.com.br\/wp-content\/uploads\/2024\/08\/WhatsApp-Image-2024-08-12-at-09.13.33.jpeg 900w\" sizes=\"(max-width: 576px) 100vw, 576px\" \/><\/figure><\/li><li class=\"blocks-gallery-item\"><figure><img loading=\"lazy\" width=\"576\" height=\"1024\" src=\"https:\/\/grespiritacairbarschutel.com.br\/wp-content\/uploads\/2024\/08\/WhatsApp-Image-2024-08-13-at-08.40.42-576x1024.jpeg\" alt=\"\" data-id=\"354\" data-full-url=\"https:\/\/grespiritacairbarschutel.com.br\/wp-content\/uploads\/2024\/08\/WhatsApp-Image-2024-08-13-at-08.40.42.jpeg\" data-link=\"https:\/\/grespiritacairbarschutel.com.br\/?attachment_id=354\" class=\"wp-image-354\" srcset=\"https:\/\/grespiritacairbarschutel.com.br\/wp-content\/uploads\/2024\/08\/WhatsApp-Image-2024-08-13-at-08.40.42-576x1024.jpeg 576w, https:\/\/grespiritacairbarschutel.com.br\/wp-content\/uploads\/2024\/08\/WhatsApp-Image-2024-08-13-at-08.40.42-169x300.jpeg 169w, https:\/\/grespiritacairbarschutel.com.br\/wp-content\/uploads\/2024\/08\/WhatsApp-Image-2024-08-13-at-08.40.42-768x1365.jpeg 768w, https:\/\/grespiritacairbarschutel.com.br\/wp-content\/uploads\/2024\/08\/WhatsApp-Image-2024-08-13-at-08.40.42-864x1536.jpeg 864w, https:\/\/grespiritacairbarschutel.com.br\/wp-content\/uploads\/2024\/08\/WhatsApp-Image-2024-08-13-at-08.40.42.jpeg 900w\" sizes=\"(max-width: 576px) 100vw, 576px\" \/><\/figure><\/li><\/ul><\/figure>\n\n\n\n<p><\/p>\n\n\n\n<p>Livraria Esp\u00edrita Emmanuel, do grupo Cairbar Schutel de Uberaba\/MG.<br>Desde 1991 levando amor em forma de livro \u00e0s pessoas.<br><strong>Venha nos fazer uma visita e conhecer nosso espa\u00e7o!<\/strong><\/p>\n\n\n\n<p>Endere\u00e7o: R. Artur Machado, 288 &#8211; Centro, Uberaba &#8211; MG, 38010-020<br>Telefone: (34) 3312-8327<\/p>\n\n\n\n<figure class=\"wp-block-gallery columns-1 is-cropped\"><ul class=\"blocks-gallery-grid\"><li class=\"blocks-gallery-item\"><figure><img loading=\"lazy\" width=\"1024\" height=\"768\" src=\"https:\/\/grespiritacairbarschutel.com.br\/wp-content\/uploads\/2024\/08\/DSC00093-1024x768.jpg\" alt=\"\" data-id=\"431\" data-full-url=\"https:\/\/grespiritacairbarschutel.com.br\/wp-content\/uploads\/2024\/08\/DSC00093-scaled.jpg\" data-link=\"https:\/\/grespiritacairbarschutel.com.br\/?attachment_id=431\" class=\"wp-image-431\" srcset=\"https:\/\/grespiritacairbarschutel.com.br\/wp-content\/uploads\/2024\/08\/DSC00093-1024x768.jpg 1024w, https:\/\/grespiritacairbarschutel.com.br\/wp-content\/uploads\/2024\/08\/DSC00093-300x225.jpg 300w, https:\/\/grespiritacairbarschutel.com.br\/wp-content\/uploads\/2024\/08\/DSC00093-768x576.jpg 768w, https:\/\/grespiritacairbarschutel.com.br\/wp-content\/uploads\/2024\/08\/DSC00093-1536x1152.jpg 1536w, https:\/\/grespiritacairbarschutel.com.br\/wp-content\/uploads\/2024\/08\/DSC00093-2048x1536.jpg 2048w, https:\/\/grespiritacairbarschutel.com.br\/wp-content\/uploads\/2024\/08\/DSC00093-1568x1176.jpg 1568w\" sizes=\"(max-width: 1024px) 100vw, 1024px\" \/><\/figure><\/li><\/ul><\/figure>\n","protected":false},"excerpt":{"rendered":"<p>Livraria Esp\u00edrita Emmanuel, do grupo Cairbar Schutel de Uberaba\/MG.Desde 1991 levando amor em forma de livro \u00e0s pessoas.Venha nos fazer uma visita e conhecer nosso espa\u00e7o! Endere\u00e7o: R. Artur Machado, 288 &#8211; Centro, Uberaba &#8211; MG, 38010-020Telefone: (34) 3312-8327<\/p>\n","protected":false},"author":1,"featured_media":0,"parent":0,"menu_order":0,"comment_status":"closed","ping_status":"closed","template":"","meta":[],"_links":{"self":[{"href":"https:\/\/grespiritacairbarschutel.com.br\/index.php?rest_route=\/wp\/v2\/pages\/279"}],"collection":[{"href":"https:\/\/grespiritacairbarschutel.com.br\/index.php?rest_route=\/wp\/v2\/pages"}],"about":[{"href":"https:\/\/grespiritacairbarschutel.com.br\/index.php?rest_route=\/wp\/v2\/types\/page"}],"author":[{"embeddable":true,"href":"https:\/\/grespiritacairbarschutel.com.br\/index.php?rest_route=\/wp\/v2\/users\/1"}],"replies":[{"embeddable":true,"href":"https:\/\/grespiritacairbarschutel.com.br\/index.php?rest_route=%2Fwp%2Fv2%2Fcomments&post=279"}],"version-history":[{"count":6,"href":"https:\/\/grespiritacairbarschutel.com.br\/index.php?rest_route=\/wp\/v2\/pages\/279\/revisions"}],"predecessor-version":[{"id":432,"href":"https:\/\/grespiritacairbarschutel.com.br\/index.php?rest_route=\/wp\/v2\/pages\/279\/revisions\/432"}],"wp:attachment":[{"href":"https:\/\/grespiritacairbarschutel.com.br\/index.php?rest_route=%2Fwp%2Fv2%2Fmedia&parent=279"}],"curies":[{"name":"wp","href":"https:\/\/api.w.org\/{rel}","templated":true}]}}