{"id":32,"date":"2022-08-03T17:00:56","date_gmt":"2022-08-03T20:00:56","guid":{"rendered":"https:\/\/grupoespiritacairbarschutel.wordpress.com\/?page_id=32"},"modified":"2024-09-06T09:36:42","modified_gmt":"2024-09-06T12:36:42","slug":"atividades","status":"publish","type":"page","link":"https:\/\/grespiritacairbarschutel.com.br\/?page_id=32","title":{"rendered":"Atividades"},"content":{"rendered":"\n<figure class=\"wp-block-table\"><table><tbody><tr><td>REUNI\u00c3O P\u00daBLICA Palestra\/passe<\/td><td>6\u00aa. feira 19h30<\/td><td>Psicografia: Receitu\u00e1rio e cartas familiares<\/td><\/tr><tr><td>Roda de evangelho e passe<\/td><td>Domingo, 8h45<br>6\u00aa. feira 14h00<\/td><td>Todos est\u00e3o convidados<\/td><\/tr><tr><td>PIZZA SOLID\u00c1RIA para a constru\u00e7\u00e3o da Casa da Cultura Esp\u00edrita de Uberaba<\/td><td>26\/03 21\/05 27\/08 22\/10<\/td><td>Precisamos de volunt\u00e1rios. Informa\u00e7\u00f5es pelo whats: (34) 9 9773-8327<\/td><\/tr><\/tbody><\/table><\/figure>\n\n\n\n<p><strong>Cursos e estudos<\/strong><\/p>\n\n\n\n<figure class=\"wp-block-table\"><table><tbody><tr><td>ESTUDOS SISTEMATIZADOS DA DOUTRINA ESP\u00cdRITA &#8211; ESDE<\/td><td><br>Turmas variadas em andamento<\/td><td>Turmas presenciais e On-line. Informa\u00e7\u00f5es pelo whats: (34) 9 9773-8327<\/td><\/tr><tr><td>ESTUDOS APROFUNDADOS DA DOUTRINA ESP\u00cdRITA (EADE)<\/td><td>Turmas variadas em andamento<\/td><td>Turmas on-line. Informa\u00e7\u00f5es pelo whats: (34) 9 9773-8327<\/td><\/tr><tr><td><br>CURSO B\u00c1SICO DO ESP\u00cdRITISMO<\/td><td>Domingo, 9h30, presencial 2\u00aa. Feira, 19h30, presencial 5\u00aa. feira, 20h, on-line<\/td><td><br>Informa\u00e7\u00f5es pelo whats: (34) 9 9773-8327<\/td><\/tr><tr><td>Mediunidade estudo e pr\u00e1tica<\/td><td>4\u00aa. feira, 19h30, presencial<\/td><td>Para os trabalhadores da Casa que terminaram o ESDE<\/td><\/tr><\/tbody><\/table><\/figure>\n\n\n\n<figure class=\"wp-block-table\"><table><tbody><tr><td>O Evangelho segundo o Espiritismo<\/td><td>Domingo, 9h<\/td><td>Informa\u00e7\u00f5es pelo whats:(34) 9 9773-8327<\/td><\/tr><tr><td>O livro dos Esp\u00edritos<\/td><td>2\u00aa. feira, 19h30, presencial<\/td><td>Informa\u00e7\u00f5es pelo whats: (34) 9 9773-8327<\/td><\/tr><tr><td>O livro dos M\u00e9diuns<\/td><td>2\u00aa. feira, 20h<\/td><td>(N\u00e3o h\u00e1 vagas)<\/td><\/tr><tr><td><br>O livro dos m\u00e9diuns<\/td><td><br>3\u00aa. feira , 20h, on-line<\/td><td>Para os trabalhadores da Casa que terminaram o ESDE Informa\u00e7\u00f5es pelo whats: (34) 9 9773-8327<\/td><\/tr><tr><td>A G\u00eanese<\/td><td>3\u00aa. feira , 20h, on-line<\/td><td>Informa\u00e7\u00f5es pelo whats: (34) 9 9773-8327<\/td><\/tr><tr><td><br>Mecanismo da Mediunidade<\/td><td><br>3\u00aa. feira , 19h30 ( mensal) ( on-line)<\/td><td>Para os trabalhadores da Casa que terminaram o ESDE Informa\u00e7\u00f5es pelo whats: (34) 9 9773-8327<\/td><\/tr><tr><td>O Evangelho segundo o Espiritismo e obras de Andr\u00e9 Luiz<\/td><td><br>4\u00aa. feira , 20 h (on-line)<\/td><td><br>Informa\u00e7\u00f5es pelo whats: (34) 9 9773-8327<\/td><\/tr><tr><td>Obras de Andr\u00e9 Luiz<\/td><td>4\u00aa. feira , 20 h, (on-line)<\/td><\/tr><tr><td>Evangeliza\u00e7\u00e3o da inf\u00e2ncia e juventude. Escola de pais<\/td><td>De 0 a 11 anos, s\u00e1bado, 9h30 12 a 18 anos, s\u00e1bado, 17h<\/td><td>Informa\u00e7\u00f5es pelo whats: (34) 9 9773-8327<\/td><\/tr><tr><td>Divulga\u00e7\u00e3o da Doutrina Esp\u00edrita<\/td><td>Biblioteca Maria Helena Escobar<\/td><td>Empr\u00e9stimos: 6\u00aa. feira 13 \u00e0s 18 horas<\/td><\/tr><tr><td>Estudo da Revista Esp\u00edrita de Allan Kardec<\/td><td>2\u00aa. feira, 20h, online<\/td><td>Informa\u00e7\u00f5es pelo whats: (34) 9 9773-8327<\/td><\/tr><tr><td><br>Estudo de O livro dos m\u00e9diuns<\/td><td><br>3\u00aa. feira, 20h, online<\/td><td>Para o pessoal da Casa que terminou o ESDE. Informa\u00e7\u00f5es pelo whats: (34) 9 9773-8327<\/td><\/tr><tr><td><br>Oficina de Sentimentos<\/td><td>S\u00e1bado 15h Vagas encerradas at\u00e9 o final de 2022.<\/td><td>Para os trabalhadores da Casa que fizeram ou fazem o ESDE.<\/td><\/tr><\/tbody><\/table><\/figure>\n\n\n\n<figure class=\"wp-block-gallery columns-3 is-cropped\"><ul class=\"blocks-gallery-grid\"><li class=\"blocks-gallery-item\"><figure><img loading=\"lazy\" width=\"512\" height=\"1024\" src=\"https:\/\/grespiritacairbarschutel.com.br\/wp-content\/uploads\/2024\/09\/estudo-sistematizado-512x1024.jpg\" alt=\"\" data-id=\"451\" data-full-url=\"https:\/\/grespiritacairbarschutel.com.br\/wp-content\/uploads\/2024\/09\/estudo-sistematizado.jpg\" data-link=\"https:\/\/grespiritacairbarschutel.com.br\/?attachment_id=451\" class=\"wp-image-451\" srcset=\"https:\/\/grespiritacairbarschutel.com.br\/wp-content\/uploads\/2024\/09\/estudo-sistematizado-512x1024.jpg 512w, https:\/\/grespiritacairbarschutel.com.br\/wp-content\/uploads\/2024\/09\/estudo-sistematizado-150x300.jpg 150w, https:\/\/grespiritacairbarschutel.com.br\/wp-content\/uploads\/2024\/09\/estudo-sistematizado.jpg 640w\" sizes=\"(max-width: 512px) 100vw, 512px\" \/><\/figure><\/li><li class=\"blocks-gallery-item\"><figure><img loading=\"lazy\" width=\"576\" height=\"1024\" src=\"https:\/\/grespiritacairbarschutel.com.br\/wp-content\/uploads\/2024\/09\/curso-basico-576x1024.jpg\" alt=\"\" data-id=\"452\" data-full-url=\"https:\/\/grespiritacairbarschutel.com.br\/wp-content\/uploads\/2024\/09\/curso-basico.jpg\" data-link=\"https:\/\/grespiritacairbarschutel.com.br\/?attachment_id=452\" class=\"wp-image-452\" srcset=\"https:\/\/grespiritacairbarschutel.com.br\/wp-content\/uploads\/2024\/09\/curso-basico-576x1024.jpg 576w, https:\/\/grespiritacairbarschutel.com.br\/wp-content\/uploads\/2024\/09\/curso-basico-169x300.jpg 169w, https:\/\/grespiritacairbarschutel.com.br\/wp-content\/uploads\/2024\/09\/curso-basico.jpg 720w\" sizes=\"(max-width: 576px) 100vw, 576px\" \/><\/figure><\/li><li class=\"blocks-gallery-item\"><figure><img loading=\"lazy\" width=\"576\" height=\"1024\" src=\"https:\/\/grespiritacairbarschutel.com.br\/wp-content\/uploads\/2024\/09\/reunioes-publicas-576x1024.jpg\" alt=\"\" data-id=\"453\" data-full-url=\"https:\/\/grespiritacairbarschutel.com.br\/wp-content\/uploads\/2024\/09\/reunioes-publicas.jpg\" data-link=\"https:\/\/grespiritacairbarschutel.com.br\/?attachment_id=453\" class=\"wp-image-453\" srcset=\"https:\/\/grespiritacairbarschutel.com.br\/wp-content\/uploads\/2024\/09\/reunioes-publicas-576x1024.jpg 576w, https:\/\/grespiritacairbarschutel.com.br\/wp-content\/uploads\/2024\/09\/reunioes-publicas-169x300.jpg 169w, https:\/\/grespiritacairbarschutel.com.br\/wp-content\/uploads\/2024\/09\/reunioes-publicas-768x1366.jpg 768w, https:\/\/grespiritacairbarschutel.com.br\/wp-content\/uploads\/2024\/09\/reunioes-publicas-864x1536.jpg 864w, https:\/\/grespiritacairbarschutel.com.br\/wp-content\/uploads\/2024\/09\/reunioes-publicas.jpg 899w\" sizes=\"(max-width: 576px) 100vw, 576px\" \/><\/figure><\/li><\/ul><\/figure>\n\n\n\n<p><strong>Servi\u00e7o de assist\u00eancia e promo\u00e7\u00e3o<\/strong><\/p>\n\n\n\n<figure class=\"wp-block-table\"><table><tbody><tr><td>Marmitex para moradores de rua<\/td><td>Primeiro domingo<\/td><td>Informa\u00e7\u00f5es com Rosa: (34) 9 9990-7178<\/td><\/tr><tr><td><br>Cestas b\u00e1sicas<\/td><td><br>Entrega de cestas b\u00e1sicas para fam\u00edlias cadastradas<\/td><td>Precisamos de doadores de cestas. Informa\u00e7\u00f5es com Rosa: (34) 9 9990-7178<\/td><\/tr><tr><td>Enxoval para rec\u00e9m- nascidos<\/td><td><br>Para gestantes carentes<\/td><td>Precisamos de colaboradores. Informa\u00e7\u00f5es Telma Flora: (34) 9 9135 9900<\/td><\/tr><tr><td><br>Grupo de costura<\/td><td><br>6\u00aa. feira, 14h<\/td><td>Estamos precisando de costureiros Informa\u00e7\u00f5es pelo whats: (34) 9 9773-8327<\/td><\/tr><tr><td><br>Preces pelos suicidas<\/td><td>3\u00aa. feira, 18h30<\/td><td>N\u00e3o \u00e9 necess\u00e1ria inscri\u00e7\u00e3o. Informa\u00e7\u00f5es pelo whats: (34) 9 9773-8327<\/td><\/tr><tr><td>Espa\u00e7o de acolhimento e<\/td><td>6\u00aa. feira, 13h<\/td><td>Agendamento com Telma<\/td><\/tr><\/tbody><\/table><\/figure>\n\n\n\n<figure class=\"wp-block-table\"><table><tbody><tr><td>sa\u00fade integral Henrique Kruger<\/td><td>Evangelho e passe<\/td><td>Flora: (34) 9 9135 9900<\/td><\/tr><tr><td><br><br><br>Evangeliza\u00e7\u00e3o no CENTROHERD (Cl\u00ednica para recupera\u00e7\u00e3o de dependentes qu\u00edmicos)<\/td><td><br><br><br>Estudo do Evangelho, passe e atendimento fraterno. Trabalho mensal, domingo das 08h30 \u00e0s 11h<\/td><td>Evangelho e passe: necess\u00e1rio estar participando de um grupo de estudo esp\u00edrita. Atendimento fraterno: necess\u00e1rio experi\u00eancia ou disponibilidade para se capacitar nessa atividade. Informa\u00e7\u00f5es com Eduardo: (34) 9 8873-2056<\/td><\/tr><tr><td><br><br>Estudo do Evangelho na penitenci\u00e1ria de Uberaba<\/td><td><br>6\u00aa. feira , das 9 \u00e0s 11h<\/td><td>Necess\u00e1rio estar participando de um grupo de estudo esp\u00edrita. Informa\u00e7\u00f5es com Eduardo: (34) 9 8873-2056<\/td><\/tr><tr><td>Curso de corte e costura<\/td><td>2\u00aa. feira, 15h<\/td><td>Vagas preenchidas<\/td><\/tr><tr><td>Artesanatos e bordados<\/td><td>5\u00aa. feira, 14h<\/td><td>Precisamos de volunt\u00e1rios<\/td><\/tr><tr><td><br><br><br>Anjos do saber<\/td><td>Arrecada\u00e7\u00e3o de material escolar para alunos carentes da Escola Estadual Gabriel Toti, do Bairro Tutunas. A entrega \u00e9 realizada no come\u00e7o do ano letivo.<\/td><td><br>Quem desejar colaborar, entrar em contato com Keila pelo whats: 34 9 9155-2076 Precisamos de colaboradores.<\/td><\/tr><tr><td>Pintura em tela (Curso b\u00e1sico)<\/td><td>3\u00aa. feira, 13h<\/td><td>Temos vagas.<\/td><\/tr><tr><td><br>Bazar fraterno<\/td><td>Se a roupa ou objeto n\u00e3o tem utilidade para voc\u00ea, doe ao bazar que ser\u00e1 muito \u00fatil.<\/td><td>Aberto: 6\u00aa. feira \u00e0 tarde S\u00e1bado: 9h \u00e0s 11h e 14h \u00e0s 17h. Domingo: 9h30 \u00e0s 11h.<\/td><\/tr><tr><td><br>Cuidando do nosso espa\u00e7o verde<\/td><td><br>Temos plantas dentro da institui\u00e7\u00e3o e no entorno.<\/td><td>Precisamos de pessoas que desejam trabalhar nessa atividade. Informa\u00e7\u00f5es: 34-9 9135 9900 (Telma Flora)<\/td><\/tr><tr><td>Projeto Costumiza\u00e7\u00e3o<\/td><td>Precisamos de volunt\u00e1rios para reformas e confec\u00e7\u00e3o de bolsas e sacolas.<\/td><td><br>Informa\u00e7\u00f5es com Telma Flora<\/td><\/tr><tr><td><br>Teatro Cairbar<\/td><td>S\u00e1bado 17 horas Para pessoas de 18 anos ou acima.<\/td><td><br>Informa\u00e7\u00f5es: 34 9 9823 9393<\/td><\/tr><tr><td>Coral \u201camor em si\u201d<\/td><td>Encontro presencial no primeiro s\u00e1bado \u00e0s 14 h<\/td><td>Informa\u00e7\u00f5es: 34 9 9972 0204<\/td><\/tr><tr><td>Atendimento atrav\u00e9s do di\u00e1logo fraterno<\/td><td>6\u00aa. feira, 16h \u00e0s 18h<\/td><td>N\u00e3o \u00e9 necess\u00e1rio agendamento.<\/td><\/tr><tr><td>Limpeza da Casa da Cultura Esp\u00edrita<\/td><td>Precisamos de volunt\u00e1rios<\/td><td>Informa\u00e7\u00f5es: (34) 9 9773-8327<\/td><\/tr><tr><td>Grupo Musical<\/td><td>Acontece na reuni\u00e3o p\u00fablica de 6\u00aa. feira \u00e0s 19h<\/td><td>Informa\u00e7\u00f5es: 34 9 9104 6285<\/td><\/tr><\/tbody><\/table><\/figure>\n\n\n\n<figure class=\"wp-block-image size-large\"><img loading=\"lazy\" width=\"960\" height=\"720\" src=\"https:\/\/grespiritacairbarschutel.com.br\/wp-content\/uploads\/2024\/08\/casa-2.jpg\" alt=\"\" class=\"wp-image-338\" srcset=\"https:\/\/grespiritacairbarschutel.com.br\/wp-content\/uploads\/2024\/08\/casa-2.jpg 960w, https:\/\/grespiritacairbarschutel.com.br\/wp-content\/uploads\/2024\/08\/casa-2-300x225.jpg 300w, https:\/\/grespiritacairbarschutel.com.br\/wp-content\/uploads\/2024\/08\/casa-2-768x576.jpg 768w\" sizes=\"(max-width: 960px) 100vw, 960px\" \/><\/figure>\n","protected":false},"excerpt":{"rendered":"<p>REUNI\u00c3O P\u00daBLICA Palestra\/passe 6\u00aa. feira 19h30 Psicografia: Receitu\u00e1rio e cartas familiares Roda de evangelho e passe Domingo, 8h456\u00aa. feira 14h00 Todos est\u00e3o convidados PIZZA SOLID\u00c1RIA para a constru\u00e7\u00e3o da Casa da Cultura Esp\u00edrita de Uberaba 26\/03 21\/05 27\/08 22\/10 Precisamos de volunt\u00e1rios. Informa\u00e7\u00f5es pelo whats: (34) 9 9773-8327 Cursos e estudos ESTUDOS SISTEMATIZADOS DA DOUTRINA<a class=\"more-link\" href=\"https:\/\/grespiritacairbarschutel.com.br\/?page_id=32\">Continuar lendo <span class=\"screen-reader-text\">&#8220;Atividades&#8221;<\/span><\/a><\/p>\n","protected":false},"author":1,"featured_media":0,"parent":0,"menu_order":0,"comment_status":"closed","ping_status":"closed","template":"","meta":[],"_links":{"self":[{"href":"https:\/\/grespiritacairbarschutel.com.br\/index.php?rest_route=\/wp\/v2\/pages\/32"}],"collection":[{"href":"https:\/\/grespiritacairbarschutel.com.br\/index.php?rest_route=\/wp\/v2\/pages"}],"about":[{"href":"https:\/\/grespiritacairbarschutel.com.br\/index.php?rest_route=\/wp\/v2\/types\/page"}],"author":[{"embeddable":true,"href":"https:\/\/grespiritacairbarschutel.com.br\/index.php?rest_route=\/wp\/v2\/users\/1"}],"replies":[{"embeddable":true,"href":"https:\/\/grespiritacairbarschutel.com.br\/index.php?rest_route=%2Fwp%2Fv2%2Fcomments&post=32"}],"version-history":[{"count":4,"href":"https:\/\/grespiritacairbarschutel.com.br\/index.php?rest_route=\/wp\/v2\/pages\/32\/revisions"}],"predecessor-version":[{"id":454,"href":"https:\/\/grespiritacairbarschutel.com.br\/index.php?rest_route=\/wp\/v2\/pages\/32\/revisions\/454"}],"wp:attachment":[{"href":"https:\/\/grespiritacairbarschutel.com.br\/index.php?rest_route=%2Fwp%2Fv2%2Fmedia&parent=32"}],"curies":[{"name":"wp","href":"https:\/\/api.w.org\/{rel}","templated":true}]}}