{"id":9,"date":"2022-08-03T16:29:21","date_gmt":"2022-08-03T19:29:21","guid":{"rendered":"https:\/\/grupoespiritacairbarschutel.wordpress.com\/home\/"},"modified":"2026-03-16T09:00:27","modified_gmt":"2026-03-16T12:00:27","slug":"home","status":"publish","type":"page","link":"https:\/\/grespiritacairbarschutel.com.br\/","title":{"rendered":""},"content":{"rendered":"\n<figure class=\"wp-block-gallery columns-4 is-cropped\"><ul class=\"blocks-gallery-grid\"><li class=\"blocks-gallery-item\"><figure><img loading=\"lazy\" width=\"1024\" height=\"1024\" src=\"https:\/\/grespiritacairbarschutel.com.br\/wp-content\/uploads\/2024\/08\/casa-1024x1024-Copia-1024x1024.jpg\" alt=\"\" data-id=\"440\" data-link=\"https:\/\/grespiritacairbarschutel.com.br\/?attachment_id=440\" class=\"wp-image-440\" srcset=\"https:\/\/grespiritacairbarschutel.com.br\/wp-content\/uploads\/2024\/08\/casa-1024x1024-Copia.jpg 1024w, https:\/\/grespiritacairbarschutel.com.br\/wp-content\/uploads\/2024\/08\/casa-1024x1024-Copia-300x300.jpg 300w, https:\/\/grespiritacairbarschutel.com.br\/wp-content\/uploads\/2024\/08\/casa-1024x1024-Copia-150x150.jpg 150w, https:\/\/grespiritacairbarschutel.com.br\/wp-content\/uploads\/2024\/08\/casa-1024x1024-Copia-768x768.jpg 768w\" sizes=\"(max-width: 1024px) 100vw, 1024px\" \/><\/figure><\/li><li class=\"blocks-gallery-item\"><figure><img loading=\"lazy\" width=\"1024\" height=\"768\" src=\"https:\/\/grespiritacairbarschutel.com.br\/wp-content\/uploads\/2024\/08\/DSC00350-Copia-1024x768.jpg\" alt=\"\" data-id=\"434\" data-link=\"https:\/\/grespiritacairbarschutel.com.br\/?attachment_id=434\" class=\"wp-image-434\" srcset=\"https:\/\/grespiritacairbarschutel.com.br\/wp-content\/uploads\/2024\/08\/DSC00350-Copia-1024x768.jpg 1024w, https:\/\/grespiritacairbarschutel.com.br\/wp-content\/uploads\/2024\/08\/DSC00350-Copia-300x225.jpg 300w, https:\/\/grespiritacairbarschutel.com.br\/wp-content\/uploads\/2024\/08\/DSC00350-Copia-768x576.jpg 768w, https:\/\/grespiritacairbarschutel.com.br\/wp-content\/uploads\/2024\/08\/DSC00350-Copia-1536x1152.jpg 1536w, https:\/\/grespiritacairbarschutel.com.br\/wp-content\/uploads\/2024\/08\/DSC00350-Copia-2048x1536.jpg 2048w, https:\/\/grespiritacairbarschutel.com.br\/wp-content\/uploads\/2024\/08\/DSC00350-Copia-1568x1176.jpg 1568w\" sizes=\"(max-width: 1024px) 100vw, 1024px\" \/><\/figure><\/li><li class=\"blocks-gallery-item\"><figure><img loading=\"lazy\" width=\"1024\" height=\"768\" src=\"https:\/\/grespiritacairbarschutel.com.br\/wp-content\/uploads\/2024\/08\/DSC00370-Copia-1024x768.jpg\" alt=\"\" data-id=\"435\" data-link=\"https:\/\/grespiritacairbarschutel.com.br\/?attachment_id=435\" class=\"wp-image-435\" srcset=\"https:\/\/grespiritacairbarschutel.com.br\/wp-content\/uploads\/2024\/08\/DSC00370-Copia-1024x768.jpg 1024w, https:\/\/grespiritacairbarschutel.com.br\/wp-content\/uploads\/2024\/08\/DSC00370-Copia-300x225.jpg 300w, https:\/\/grespiritacairbarschutel.com.br\/wp-content\/uploads\/2024\/08\/DSC00370-Copia-768x576.jpg 768w, https:\/\/grespiritacairbarschutel.com.br\/wp-content\/uploads\/2024\/08\/DSC00370-Copia-1536x1152.jpg 1536w, https:\/\/grespiritacairbarschutel.com.br\/wp-content\/uploads\/2024\/08\/DSC00370-Copia-2048x1536.jpg 2048w, https:\/\/grespiritacairbarschutel.com.br\/wp-content\/uploads\/2024\/08\/DSC00370-Copia-1568x1176.jpg 1568w\" sizes=\"(max-width: 1024px) 100vw, 1024px\" \/><\/figure><\/li><li class=\"blocks-gallery-item\"><figure><img loading=\"lazy\" width=\"1024\" height=\"768\" src=\"https:\/\/grespiritacairbarschutel.com.br\/wp-content\/uploads\/2024\/08\/DSC00357-1024x768.jpg\" alt=\"\" data-id=\"447\" data-full-url=\"https:\/\/grespiritacairbarschutel.com.br\/wp-content\/uploads\/2024\/08\/DSC00357-scaled.jpg\" data-link=\"https:\/\/grespiritacairbarschutel.com.br\/?attachment_id=447\" class=\"wp-image-447\" srcset=\"https:\/\/grespiritacairbarschutel.com.br\/wp-content\/uploads\/2024\/08\/DSC00357-1024x768.jpg 1024w, https:\/\/grespiritacairbarschutel.com.br\/wp-content\/uploads\/2024\/08\/DSC00357-300x225.jpg 300w, https:\/\/grespiritacairbarschutel.com.br\/wp-content\/uploads\/2024\/08\/DSC00357-768x576.jpg 768w, https:\/\/grespiritacairbarschutel.com.br\/wp-content\/uploads\/2024\/08\/DSC00357-1536x1152.jpg 1536w, https:\/\/grespiritacairbarschutel.com.br\/wp-content\/uploads\/2024\/08\/DSC00357-2048x1536.jpg 2048w, https:\/\/grespiritacairbarschutel.com.br\/wp-content\/uploads\/2024\/08\/DSC00357-1568x1176.jpg 1568w\" sizes=\"(max-width: 1024px) 100vw, 1024px\" \/><\/figure><\/li><li class=\"blocks-gallery-item\"><figure><img loading=\"lazy\" width=\"1024\" height=\"768\" src=\"https:\/\/grespiritacairbarschutel.com.br\/wp-content\/uploads\/2024\/08\/IMG-20191005-WA0010-1024x768.jpg\" alt=\"\" data-id=\"445\" data-full-url=\"https:\/\/grespiritacairbarschutel.com.br\/wp-content\/uploads\/2024\/08\/IMG-20191005-WA0010.jpg\" data-link=\"https:\/\/grespiritacairbarschutel.com.br\/?attachment_id=445\" class=\"wp-image-445\" srcset=\"https:\/\/grespiritacairbarschutel.com.br\/wp-content\/uploads\/2024\/08\/IMG-20191005-WA0010-1024x768.jpg 1024w, https:\/\/grespiritacairbarschutel.com.br\/wp-content\/uploads\/2024\/08\/IMG-20191005-WA0010-300x225.jpg 300w, https:\/\/grespiritacairbarschutel.com.br\/wp-content\/uploads\/2024\/08\/IMG-20191005-WA0010-768x576.jpg 768w, https:\/\/grespiritacairbarschutel.com.br\/wp-content\/uploads\/2024\/08\/IMG-20191005-WA0010.jpg 1152w\" sizes=\"(max-width: 1024px) 100vw, 1024px\" \/><\/figure><\/li><li class=\"blocks-gallery-item\"><figure><img loading=\"lazy\" width=\"1024\" height=\"768\" src=\"https:\/\/grespiritacairbarschutel.com.br\/wp-content\/uploads\/2024\/08\/IMG-20190602-WA0035-1024x768.jpg\" alt=\"\" data-id=\"446\" data-full-url=\"https:\/\/grespiritacairbarschutel.com.br\/wp-content\/uploads\/2024\/08\/IMG-20190602-WA0035.jpg\" data-link=\"https:\/\/grespiritacairbarschutel.com.br\/?attachment_id=446\" class=\"wp-image-446\" srcset=\"https:\/\/grespiritacairbarschutel.com.br\/wp-content\/uploads\/2024\/08\/IMG-20190602-WA0035-1024x768.jpg 1024w, https:\/\/grespiritacairbarschutel.com.br\/wp-content\/uploads\/2024\/08\/IMG-20190602-WA0035-300x225.jpg 300w, https:\/\/grespiritacairbarschutel.com.br\/wp-content\/uploads\/2024\/08\/IMG-20190602-WA0035-768x576.jpg 768w, https:\/\/grespiritacairbarschutel.com.br\/wp-content\/uploads\/2024\/08\/IMG-20190602-WA0035.jpg 1280w\" sizes=\"(max-width: 1024px) 100vw, 1024px\" \/><\/figure><\/li><li class=\"blocks-gallery-item\"><figure><img loading=\"lazy\" width=\"640\" height=\"640\" src=\"https:\/\/grespiritacairbarschutel.com.br\/wp-content\/uploads\/2024\/08\/IMG-20180418-WA0010-1-Copia-2.jpg\" alt=\"\" data-id=\"442\" data-full-url=\"https:\/\/grespiritacairbarschutel.com.br\/wp-content\/uploads\/2024\/08\/IMG-20180418-WA0010-1-Copia-2.jpg\" data-link=\"https:\/\/grespiritacairbarschutel.com.br\/?attachment_id=442\" class=\"wp-image-442\" srcset=\"https:\/\/grespiritacairbarschutel.com.br\/wp-content\/uploads\/2024\/08\/IMG-20180418-WA0010-1-Copia-2.jpg 640w, https:\/\/grespiritacairbarschutel.com.br\/wp-content\/uploads\/2024\/08\/IMG-20180418-WA0010-1-Copia-2-300x300.jpg 300w, https:\/\/grespiritacairbarschutel.com.br\/wp-content\/uploads\/2024\/08\/IMG-20180418-WA0010-1-Copia-2-150x150.jpg 150w\" sizes=\"(max-width: 640px) 100vw, 640px\" \/><\/figure><\/li><\/ul><\/figure>\n\n\n\n<figure class=\"wp-block-embed is-type-video is-provider-youtube wp-block-embed-youtube wp-embed-aspect-4-3 wp-has-aspect-ratio\"><div class=\"wp-block-embed__wrapper\">\n<iframe loading=\"lazy\" title=\"Turma da Evangeliza\u00e7\u00e3o da - Aula pr\u00e1tica sobre Caridade!!\" width=\"750\" height=\"563\" src=\"https:\/\/www.youtube.com\/embed\/BLBxBL5vpYQ?feature=oembed\" frameborder=\"0\" allow=\"accelerometer; autoplay; clipboard-write; encrypted-media; gyroscope; picture-in-picture; web-share\" referrerpolicy=\"strict-origin-when-cross-origin\" allowfullscreen><\/iframe>\n<\/div><\/figure>\n\n\n<p class=\"aligncenter wp-block-tag-cloud\"><a href=\"https:\/\/grespiritacairbarschutel.com.br\/?tag=alegria\" class=\"tag-cloud-link tag-link-3 tag-link-position-1\" style=\"font-size: 8pt;\" aria-label=\"alegria (1 item)\">alegria<\/a>\n<a href=\"https:\/\/grespiritacairbarschutel.com.br\/?tag=amizade\" class=\"tag-cloud-link tag-link-4 tag-link-position-2\" style=\"font-size: 8pt;\" aria-label=\"amizade (1 item)\">amizade<\/a>\n<a href=\"https:\/\/grespiritacairbarschutel.com.br\/?tag=anibal\" class=\"tag-cloud-link tag-link-46 tag-link-position-3\" style=\"font-size: 13.25pt;\" aria-label=\"Anibal (2 itens)\">Anibal<\/a>\n<a href=\"https:\/\/grespiritacairbarschutel.com.br\/?tag=bem-venturados\" class=\"tag-cloud-link tag-link-5 tag-link-position-4\" style=\"font-size: 8pt;\" aria-label=\"bem venturados (1 item)\">bem venturados<\/a>\n<a href=\"https:\/\/grespiritacairbarschutel.com.br\/?tag=bilhete\" class=\"tag-cloud-link tag-link-6 tag-link-position-5\" style=\"font-size: 8pt;\" aria-label=\"bilhete (1 item)\">bilhete<\/a>\n<a href=\"https:\/\/grespiritacairbarschutel.com.br\/?tag=caminho\" class=\"tag-cloud-link tag-link-7 tag-link-position-6\" style=\"font-size: 8pt;\" aria-label=\"caminho (1 item)\">caminho<\/a>\n<a href=\"https:\/\/grespiritacairbarschutel.com.br\/?tag=caridade\" class=\"tag-cloud-link tag-link-8 tag-link-position-7\" style=\"font-size: 16.75pt;\" aria-label=\"caridade (3 itens)\">caridade<\/a>\n<a href=\"https:\/\/grespiritacairbarschutel.com.br\/?tag=casa-da-cultura-espirita-de-uberaba\" class=\"tag-cloud-link tag-link-9 tag-link-position-8\" style=\"font-size: 8pt;\" aria-label=\"Casa da Cultura Esp\u00edrita de Uberaba (1 item)\">Casa da Cultura Esp\u00edrita de Uberaba<\/a>\n<a href=\"https:\/\/grespiritacairbarschutel.com.br\/?tag=estudo\" class=\"tag-cloud-link tag-link-12 tag-link-position-9\" style=\"font-size: 13.25pt;\" aria-label=\"Estudo (2 itens)\">Estudo<\/a>\n<a href=\"https:\/\/grespiritacairbarschutel.com.br\/?tag=evangelho\" class=\"tag-cloud-link tag-link-13 tag-link-position-10\" style=\"font-size: 8pt;\" aria-label=\"evangelho (1 item)\">evangelho<\/a>\n<a href=\"https:\/\/grespiritacairbarschutel.com.br\/?tag=fraternidade\" class=\"tag-cloud-link tag-link-16 tag-link-position-11\" style=\"font-size: 8pt;\" aria-label=\"fraternidade (1 item)\">fraternidade<\/a>\n<a href=\"https:\/\/grespiritacairbarschutel.com.br\/?tag=fe\" class=\"tag-cloud-link tag-link-14 tag-link-position-12\" style=\"font-size: 8pt;\" aria-label=\"f\u00e9 (1 item)\">f\u00e9<\/a>\n<a href=\"https:\/\/grespiritacairbarschutel.com.br\/?tag=jesus\" class=\"tag-cloud-link tag-link-17 tag-link-position-13\" style=\"font-size: 19.666666666667pt;\" aria-label=\"Jesus (4 itens)\">Jesus<\/a>\n<a href=\"https:\/\/grespiritacairbarschutel.com.br\/?tag=jorge-bichuetti\" class=\"tag-cloud-link tag-link-47 tag-link-position-14\" style=\"font-size: 8pt;\" aria-label=\"Jorge Bichuetti (1 item)\">Jorge Bichuetti<\/a>\n<a href=\"https:\/\/grespiritacairbarschutel.com.br\/?tag=licao\" class=\"tag-cloud-link tag-link-19 tag-link-position-15\" style=\"font-size: 8pt;\" aria-label=\"li\u00e7\u00e3o (1 item)\">li\u00e7\u00e3o<\/a>\n<a href=\"https:\/\/grespiritacairbarschutel.com.br\/?tag=lampada\" class=\"tag-cloud-link tag-link-18 tag-link-position-16\" style=\"font-size: 8pt;\" aria-label=\"l\u00e2mpada (1 item)\">l\u00e2mpada<\/a>\n<a href=\"https:\/\/grespiritacairbarschutel.com.br\/?tag=o-bem\" class=\"tag-cloud-link tag-link-22 tag-link-position-17\" style=\"font-size: 8pt;\" aria-label=\"o bem (1 item)\">o bem<\/a>\n<a href=\"https:\/\/grespiritacairbarschutel.com.br\/?tag=oracao\" class=\"tag-cloud-link tag-link-23 tag-link-position-18\" style=\"font-size: 22pt;\" aria-label=\"ora\u00e7\u00e3o (5 itens)\">ora\u00e7\u00e3o<\/a>\n<a href=\"https:\/\/grespiritacairbarschutel.com.br\/?tag=paciencia\" class=\"tag-cloud-link tag-link-25 tag-link-position-19\" style=\"font-size: 8pt;\" aria-label=\"Paci\u00eancia (1 item)\">Paci\u00eancia<\/a>\n<a href=\"https:\/\/grespiritacairbarschutel.com.br\/?tag=palavras\" class=\"tag-cloud-link tag-link-26 tag-link-position-20\" style=\"font-size: 8pt;\" aria-label=\"palavras (1 item)\">palavras<\/a>\n<a href=\"https:\/\/grespiritacairbarschutel.com.br\/?tag=paz\" class=\"tag-cloud-link tag-link-27 tag-link-position-21\" style=\"font-size: 19.666666666667pt;\" aria-label=\"paz (4 itens)\">paz<\/a>\n<a href=\"https:\/\/grespiritacairbarschutel.com.br\/?tag=perdao\" class=\"tag-cloud-link tag-link-28 tag-link-position-22\" style=\"font-size: 13.25pt;\" aria-label=\"perd\u00e3o (2 itens)\">perd\u00e3o<\/a>\n<a href=\"https:\/\/grespiritacairbarschutel.com.br\/?tag=protecao\" class=\"tag-cloud-link tag-link-30 tag-link-position-23\" style=\"font-size: 8pt;\" aria-label=\"prote\u00e7\u00e3o (1 item)\">prote\u00e7\u00e3o<\/a>\n<a href=\"https:\/\/grespiritacairbarschutel.com.br\/?tag=saude\" class=\"tag-cloud-link tag-link-33 tag-link-position-24\" style=\"font-size: 8pt;\" aria-label=\"sa\u00fade (1 item)\">sa\u00fade<\/a>\n<a href=\"https:\/\/grespiritacairbarschutel.com.br\/?tag=semente\" class=\"tag-cloud-link tag-link-34 tag-link-position-25\" style=\"font-size: 13.25pt;\" aria-label=\"semente (2 itens)\">semente<\/a>\n<a href=\"https:\/\/grespiritacairbarschutel.com.br\/?tag=terapia\" class=\"tag-cloud-link tag-link-36 tag-link-position-26\" style=\"font-size: 8pt;\" aria-label=\"terapia (1 item)\">terapia<\/a>\n<a href=\"https:\/\/grespiritacairbarschutel.com.br\/?tag=trabalho\" class=\"tag-cloud-link tag-link-37 tag-link-position-27\" style=\"font-size: 8pt;\" aria-label=\"Trabalho (1 item)\">Trabalho<\/a>\n<a href=\"https:\/\/grespiritacairbarschutel.com.br\/?tag=velho-livro\" class=\"tag-cloud-link tag-link-40 tag-link-position-28\" style=\"font-size: 8pt;\" aria-label=\"velho livro (1 item)\">velho livro<\/a><\/p>\n\n\n<figure class=\"wp-block-embed is-type-video is-provider-youtube wp-block-embed-youtube wp-embed-aspect-16-9 wp-has-aspect-ratio\"><div class=\"wp-block-embed__wrapper\">\n<iframe loading=\"lazy\" title=\"IV Semin\u00e1rio da Mediunidade\" width=\"750\" height=\"422\" src=\"https:\/\/www.youtube.com\/embed\/pA121NakYMQ?feature=oembed\" frameborder=\"0\" allow=\"accelerometer; autoplay; clipboard-write; encrypted-media; gyroscope; picture-in-picture; web-share\" referrerpolicy=\"strict-origin-when-cross-origin\" allowfullscreen><\/iframe>\n<\/div><\/figure>\n\n\n\n<figure class=\"wp-block-image size-large\"><img loading=\"lazy\" width=\"577\" height=\"1024\" src=\"https:\/\/grespiritacairbarschutel.com.br\/wp-content\/uploads\/2026\/02\/WhatsApp-Image-2026-02-09-at-09.23.50-577x1024.jpeg\" alt=\"\" class=\"wp-image-512\" srcset=\"https:\/\/grespiritacairbarschutel.com.br\/wp-content\/uploads\/2026\/02\/WhatsApp-Image-2026-02-09-at-09.23.50-577x1024.jpeg 577w, https:\/\/grespiritacairbarschutel.com.br\/wp-content\/uploads\/2026\/02\/WhatsApp-Image-2026-02-09-at-09.23.50-169x300.jpeg 169w, https:\/\/grespiritacairbarschutel.com.br\/wp-content\/uploads\/2026\/02\/WhatsApp-Image-2026-02-09-at-09.23.50-768x1364.jpeg 768w, https:\/\/grespiritacairbarschutel.com.br\/wp-content\/uploads\/2026\/02\/WhatsApp-Image-2026-02-09-at-09.23.50-865x1536.jpeg 865w, https:\/\/grespiritacairbarschutel.com.br\/wp-content\/uploads\/2026\/02\/WhatsApp-Image-2026-02-09-at-09.23.50.jpeg 901w\" sizes=\"(max-width: 577px) 100vw, 577px\" \/><\/figure>\n\n\n\n<figure class=\"wp-block-image size-large\"><img loading=\"lazy\" width=\"726\" height=\"1024\" src=\"https:\/\/grespiritacairbarschutel.com.br\/wp-content\/uploads\/2026\/03\/PHOTO-2026-03-14-09-44-29-726x1024.jpg\" alt=\"\" class=\"wp-image-519\" srcset=\"https:\/\/grespiritacairbarschutel.com.br\/wp-content\/uploads\/2026\/03\/PHOTO-2026-03-14-09-44-29-726x1024.jpg 726w, https:\/\/grespiritacairbarschutel.com.br\/wp-content\/uploads\/2026\/03\/PHOTO-2026-03-14-09-44-29-213x300.jpg 213w, https:\/\/grespiritacairbarschutel.com.br\/wp-content\/uploads\/2026\/03\/PHOTO-2026-03-14-09-44-29-768x1083.jpg 768w, https:\/\/grespiritacairbarschutel.com.br\/wp-content\/uploads\/2026\/03\/PHOTO-2026-03-14-09-44-29-1090x1536.jpg 1090w, https:\/\/grespiritacairbarschutel.com.br\/wp-content\/uploads\/2026\/03\/PHOTO-2026-03-14-09-44-29.jpg 1135w\" sizes=\"(max-width: 726px) 100vw, 726px\" \/><\/figure>\n\n\n\n<figure class=\"wp-block-gallery columns-3 is-cropped\"><ul class=\"blocks-gallery-grid\"><li class=\"blocks-gallery-item\"><figure><img loading=\"lazy\" width=\"723\" height=\"1024\" src=\"https:\/\/grespiritacairbarschutel.com.br\/wp-content\/uploads\/2026\/03\/PHOTO-2026-03-14-09-40-38-723x1024.jpg\" alt=\"\" data-id=\"516\" data-full-url=\"https:\/\/grespiritacairbarschutel.com.br\/wp-content\/uploads\/2026\/03\/PHOTO-2026-03-14-09-40-38.jpg\" data-link=\"https:\/\/grespiritacairbarschutel.com.br\/?attachment_id=516\" class=\"wp-image-516\" srcset=\"https:\/\/grespiritacairbarschutel.com.br\/wp-content\/uploads\/2026\/03\/PHOTO-2026-03-14-09-40-38-723x1024.jpg 723w, https:\/\/grespiritacairbarschutel.com.br\/wp-content\/uploads\/2026\/03\/PHOTO-2026-03-14-09-40-38-212x300.jpg 212w, https:\/\/grespiritacairbarschutel.com.br\/wp-content\/uploads\/2026\/03\/PHOTO-2026-03-14-09-40-38-768x1087.jpg 768w, https:\/\/grespiritacairbarschutel.com.br\/wp-content\/uploads\/2026\/03\/PHOTO-2026-03-14-09-40-38-1085x1536.jpg 1085w, https:\/\/grespiritacairbarschutel.com.br\/wp-content\/uploads\/2026\/03\/PHOTO-2026-03-14-09-40-38.jpg 1130w\" sizes=\"(max-width: 723px) 100vw, 723px\" \/><\/figure><\/li><li class=\"blocks-gallery-item\"><figure><img loading=\"lazy\" width=\"819\" height=\"1024\" src=\"https:\/\/grespiritacairbarschutel.com.br\/wp-content\/uploads\/2026\/03\/PHOTO-2026-03-14-09-40-10-819x1024.jpg\" alt=\"\" data-id=\"517\" data-full-url=\"https:\/\/grespiritacairbarschutel.com.br\/wp-content\/uploads\/2026\/03\/PHOTO-2026-03-14-09-40-10.jpg\" data-link=\"https:\/\/grespiritacairbarschutel.com.br\/?attachment_id=517\" class=\"wp-image-517\" srcset=\"https:\/\/grespiritacairbarschutel.com.br\/wp-content\/uploads\/2026\/03\/PHOTO-2026-03-14-09-40-10-819x1024.jpg 819w, https:\/\/grespiritacairbarschutel.com.br\/wp-content\/uploads\/2026\/03\/PHOTO-2026-03-14-09-40-10-240x300.jpg 240w, https:\/\/grespiritacairbarschutel.com.br\/wp-content\/uploads\/2026\/03\/PHOTO-2026-03-14-09-40-10-768x960.jpg 768w, https:\/\/grespiritacairbarschutel.com.br\/wp-content\/uploads\/2026\/03\/PHOTO-2026-03-14-09-40-10.jpg 1080w\" sizes=\"(max-width: 819px) 100vw, 819px\" \/><\/figure><\/li><li class=\"blocks-gallery-item\"><figure><img loading=\"lazy\" width=\"819\" height=\"1024\" src=\"https:\/\/grespiritacairbarschutel.com.br\/wp-content\/uploads\/2026\/03\/PHOTO-2026-03-14-09-40-42-819x1024.jpg\" alt=\"\" data-id=\"518\" data-full-url=\"https:\/\/grespiritacairbarschutel.com.br\/wp-content\/uploads\/2026\/03\/PHOTO-2026-03-14-09-40-42.jpg\" data-link=\"https:\/\/grespiritacairbarschutel.com.br\/?attachment_id=518\" class=\"wp-image-518\" srcset=\"https:\/\/grespiritacairbarschutel.com.br\/wp-content\/uploads\/2026\/03\/PHOTO-2026-03-14-09-40-42-819x1024.jpg 819w, https:\/\/grespiritacairbarschutel.com.br\/wp-content\/uploads\/2026\/03\/PHOTO-2026-03-14-09-40-42-240x300.jpg 240w, https:\/\/grespiritacairbarschutel.com.br\/wp-content\/uploads\/2026\/03\/PHOTO-2026-03-14-09-40-42-768x960.jpg 768w, https:\/\/grespiritacairbarschutel.com.br\/wp-content\/uploads\/2026\/03\/PHOTO-2026-03-14-09-40-42.jpg 1080w\" sizes=\"(max-width: 819px) 100vw, 819px\" \/><\/figure><\/li><\/ul><\/figure>\n","protected":false},"excerpt":{"rendered":"","protected":false},"author":1,"featured_media":0,"parent":0,"menu_order":0,"comment_status":"closed","ping_status":"closed","template":"header-footer-only","meta":[],"_links":{"self":[{"href":"https:\/\/grespiritacairbarschutel.com.br\/index.php?rest_route=\/wp\/v2\/pages\/9"}],"collection":[{"href":"https:\/\/grespiritacairbarschutel.com.br\/index.php?rest_route=\/wp\/v2\/pages"}],"about":[{"href":"https:\/\/grespiritacairbarschutel.com.br\/index.php?rest_route=\/wp\/v2\/types\/page"}],"author":[{"embeddable":true,"href":"https:\/\/grespiritacairbarschutel.com.br\/index.php?rest_route=\/wp\/v2\/users\/1"}],"replies":[{"embeddable":true,"href":"https:\/\/grespiritacairbarschutel.com.br\/index.php?rest_route=%2Fwp%2Fv2%2Fcomments&post=9"}],"version-history":[{"count":9,"href":"https:\/\/grespiritacairbarschutel.com.br\/index.php?rest_route=\/wp\/v2\/pages\/9\/revisions"}],"predecessor-version":[{"id":520,"href":"https:\/\/grespiritacairbarschutel.com.br\/index.php?rest_route=\/wp\/v2\/pages\/9\/revisions\/520"}],"wp:attachment":[{"href":"https:\/\/grespiritacairbarschutel.com.br\/index.php?rest_route=%2Fwp%2Fv2%2Fmedia&parent=9"}],"curies":[{"name":"wp","href":"https:\/\/api.w.org\/{rel}","templated":true}]}}